{"id":7,"date":"2025-08-18T11:24:01","date_gmt":"2025-08-18T11:24:01","guid":{"rendered":"https:\/\/diadoclube.pt\/registo\/carrinho\/"},"modified":"2025-08-18T17:13:54","modified_gmt":"2025-08-18T17:13:54","slug":"carrinho","status":"publish","type":"page","link":"https:\/\/diadoclube.pt\/registo\/carrinho\/","title":{"rendered":"Carrinho"},"content":{"rendered":"\n<div data-block-name=\"woocommerce\/cart\" class=\"wp-block-woocommerce-cart alignwide is-loading\">\n<div data-block-name=\"woocommerce\/filled-cart-block\" class=\"wp-block-woocommerce-filled-cart-block\">\n<div data-block-name=\"woocommerce\/cart-items-block\" class=\"wp-block-woocommerce-cart-items-block\">\n<div data-block-name=\"woocommerce\/cart-line-items-block\" class=\"wp-block-woocommerce-cart-line-items-block\"><\/div>\n\n\n\n<div data-block-name=\"woocommerce\/cart-cross-sells-block\" class=\"wp-block-woocommerce-cart-cross-sells-block\">\n<h2 class=\"wp-block-heading has-large-font-size\">Pode estar interessado em\u2026<\/h2>\n\n\n\n<div data-block-name=\"woocommerce\/cart-cross-sells-products-block\" class=\"wp-block-woocommerce-cart-cross-sells-products-block\"><\/div>\n<\/div>\n<\/div>\n\n\n\n<div data-block-name=\"woocommerce\/cart-totals-block\" class=\"wp-block-woocommerce-cart-totals-block\">\n<div data-block-name=\"woocommerce\/cart-order-summary-block\" class=\"wp-block-woocommerce-cart-order-summary-block\">\n<div data-block-name=\"woocommerce\/cart-order-summary-heading-block\" class=\"wp-block-woocommerce-cart-order-summary-heading-block\"><\/div><div data-block-name=\"woocommerce\/cart-order-summary-coupon-form-block\" class=\"wp-block-woocommerce-cart-order-summary-coupon-form-block\"><\/div><div data-block-name=\"woocommerce\/cart-order-summary-totals-block\" class=\"wp-block-woocommerce-cart-order-summary-totals-block\">\n<div data-block-name=\"woocommerce\/cart-order-summary-subtotal-block\" class=\"wp-block-woocommerce-cart-order-summary-subtotal-block\"><\/div>\n<div data-block-name=\"woocommerce\/cart-order-summary-discount-block\" class=\"wp-block-woocommerce-cart-order-summary-discount-block\"><\/div>\n<div data-block-name=\"woocommerce\/cart-order-summary-fee-block\" class=\"wp-block-woocommerce-cart-order-summary-fee-block\"><\/div>\n<div data-block-name=\"woocommerce\/cart-order-summary-shipping-block\" class=\"wp-block-woocommerce-cart-order-summary-shipping-block\"><\/div>\n<div data-block-name=\"woocommerce\/cart-order-summary-taxes-block\" class=\"wp-block-woocommerce-cart-order-summary-taxes-block\"><\/div><\/div>\n<\/div>\n\n\n\n<div data-block-name=\"woocommerce\/cart-express-payment-block\" class=\"wp-block-woocommerce-cart-express-payment-block\"><\/div>\n\n\n\n<div data-block-name=\"woocommerce\/proceed-to-checkout-block\" class=\"wp-block-woocommerce-proceed-to-checkout-block\"><\/div>\n\n\n\n<div data-block-name=\"woocommerce\/cart-accepted-payment-methods-block\" class=\"wp-block-woocommerce-cart-accepted-payment-methods-block\"><\/div>\n<\/div>\n<\/div>\n\n\n\n<div data-block-name=\"woocommerce\/empty-cart-block\" class=\"wp-block-woocommerce-empty-cart-block\">\n<h2 class=\"wp-block-heading has-text-align-center with-empty-cart-icon wc-block-cart__empty-cart__title\">O seu carrinho est\u00e1 vazio!<\/h2>\n\n\n\n<hr class=\"wp-block-separator has-alpha-channel-opacity is-style-dots\"\/>\n\n\n\n<h2 class=\"wp-block-heading has-text-align-center\">Novo na loja<\/h2>\n\n\n<div data-block-name=\"woocommerce\/product-new\" data-columns=\"4\" data-rows=\"1\" class=\"wc-block-grid wp-block-product-new wp-block-woocommerce-product-new wc-block-product-new has-4-columns\"><ul class=\"wc-block-grid__products\"><li class=\"wc-block-grid__product\">\n\t\t\t\t<a href=\"https:\/\/diadoclube.pt\/registo\/produto\/inscricao-sem-almoco\/\" class=\"wc-block-grid__product-link\">\n\t\t\t\t\t\n\t\t\t\t\t<div class=\"wc-block-grid__product-image\"><img loading=\"lazy\" decoding=\"async\" width=\"450\" height=\"450\" src=\"https:\/\/diadoclube.pt\/registo\/wp-content\/uploads\/2025\/08\/esgotado1-450x450.png\" class=\"attachment-woocommerce_thumbnail size-woocommerce_thumbnail\" alt=\"Inscri\u00e7\u00e3o sem almo\u00e7o\" srcset=\"https:\/\/diadoclube.pt\/registo\/wp-content\/uploads\/2025\/08\/esgotado1-450x450.png 450w, https:\/\/diadoclube.pt\/registo\/wp-content\/uploads\/2025\/08\/esgotado1-150x150.png 150w, https:\/\/diadoclube.pt\/registo\/wp-content\/uploads\/2025\/08\/esgotado1-100x100.png 100w\" sizes=\"auto, (max-width: 450px) 100vw, 450px\" \/><\/div>\n\t\t\t\t\t<div class=\"wc-block-grid__product-title\">Inscri\u00e7\u00e3o sem almo\u00e7o<\/div>\n\t\t\t\t<\/a>\n\t\t\t\t<div class=\"wc-block-grid__product-price price\"><span class=\"woocommerce-Price-amount amount\">6,00&nbsp;<span class=\"woocommerce-Price-currencySymbol\">&euro;<\/span><\/span><\/div>\n\t\t\t\t\n\t\t\t\t<div class=\"wp-block-button wc-block-grid__product-add-to-cart\"><a href=\"https:\/\/diadoclube.pt\/registo\/produto\/inscricao-sem-almoco\/\" aria-label=\"Leia mais sobre &ldquo;Inscri\u00e7\u00e3o sem almo\u00e7o&rdquo;\" data-quantity=\"1\" data-product_id=\"65\" data-product_sku=\"\" data-price=\"6\" rel=\"nofollow\" class=\"wp-block-button__link wp-element-button add_to_cart_button\">Saber mais<\/a><\/div>\n\t\t\t<\/li><li class=\"wc-block-grid__product\">\n\t\t\t\t<a href=\"https:\/\/diadoclube.pt\/registo\/produto\/inscricao-com-almoco\/\" class=\"wc-block-grid__product-link\">\n\t\t\t\t\t\n\t\t\t\t\t<div class=\"wc-block-grid__product-image\"><img loading=\"lazy\" decoding=\"async\" width=\"450\" height=\"450\" src=\"https:\/\/diadoclube.pt\/registo\/wp-content\/uploads\/2025\/08\/esgotado2-1-450x450.png\" class=\"attachment-woocommerce_thumbnail size-woocommerce_thumbnail\" alt=\"Inscri\u00e7\u00e3o com almo\u00e7o &quot;Tripas \u00e0 Moda do Porto&quot;\" srcset=\"https:\/\/diadoclube.pt\/registo\/wp-content\/uploads\/2025\/08\/esgotado2-1-450x450.png 450w, https:\/\/diadoclube.pt\/registo\/wp-content\/uploads\/2025\/08\/esgotado2-1-300x300.png 300w, https:\/\/diadoclube.pt\/registo\/wp-content\/uploads\/2025\/08\/esgotado2-1-1024x1024.png 1024w, https:\/\/diadoclube.pt\/registo\/wp-content\/uploads\/2025\/08\/esgotado2-1-150x150.png 150w, https:\/\/diadoclube.pt\/registo\/wp-content\/uploads\/2025\/08\/esgotado2-1-768x767.png 768w, https:\/\/diadoclube.pt\/registo\/wp-content\/uploads\/2025\/08\/esgotado2-1-1536x1534.png 1536w, https:\/\/diadoclube.pt\/registo\/wp-content\/uploads\/2025\/08\/esgotado2-1-600x599.png 600w, https:\/\/diadoclube.pt\/registo\/wp-content\/uploads\/2025\/08\/esgotado2-1-100x100.png 100w, https:\/\/diadoclube.pt\/registo\/wp-content\/uploads\/2025\/08\/esgotado2-1.png 2000w\" sizes=\"auto, (max-width: 450px) 100vw, 450px\" \/><\/div>\n\t\t\t\t\t<div class=\"wc-block-grid__product-title\">Inscri\u00e7\u00e3o com almo\u00e7o &#8220;Tripas \u00e0 Moda do Porto&#8221;<\/div>\n\t\t\t\t<\/a>\n\t\t\t\t<div class=\"wc-block-grid__product-price price\"><span class=\"woocommerce-Price-amount amount\">26,00&nbsp;<span class=\"woocommerce-Price-currencySymbol\">&euro;<\/span><\/span><\/div>\n\t\t\t\t\n\t\t\t\t<div class=\"wp-block-button wc-block-grid__product-add-to-cart\"><a href=\"https:\/\/diadoclube.pt\/registo\/produto\/inscricao-com-almoco\/\" aria-label=\"Leia mais sobre &ldquo;Inscri\u00e7\u00e3o com almo\u00e7o &quot;Tripas \u00e0 Moda do Porto&quot;&rdquo;\" data-quantity=\"1\" data-product_id=\"63\" data-product_sku=\"\" data-price=\"26\" rel=\"nofollow\" class=\"wp-block-button__link wp-element-button add_to_cart_button\">Saber mais<\/a><\/div>\n\t\t\t<\/li><\/ul><\/div><\/div>\n<\/div>\n","protected":false},"excerpt":{"rendered":"","protected":false},"author":1,"featured_media":0,"parent":0,"menu_order":0,"comment_status":"closed","ping_status":"closed","template":"","meta":{"pagelayer_contact_templates":[],"_pagelayer_content":"","footnotes":""},"class_list":["post-7","page","type-page","status-publish","hentry"],"jetpack_sharing_enabled":true,"_links":{"self":[{"href":"https:\/\/diadoclube.pt\/registo\/wp-json\/wp\/v2\/pages\/7","targetHints":{"allow":["GET"]}}],"collection":[{"href":"https:\/\/diadoclube.pt\/registo\/wp-json\/wp\/v2\/pages"}],"about":[{"href":"https:\/\/diadoclube.pt\/registo\/wp-json\/wp\/v2\/types\/page"}],"author":[{"embeddable":true,"href":"https:\/\/diadoclube.pt\/registo\/wp-json\/wp\/v2\/users\/1"}],"replies":[{"embeddable":true,"href":"https:\/\/diadoclube.pt\/registo\/wp-json\/wp\/v2\/comments?post=7"}],"version-history":[{"count":1,"href":"https:\/\/diadoclube.pt\/registo\/wp-json\/wp\/v2\/pages\/7\/revisions"}],"predecessor-version":[{"id":59,"href":"https:\/\/diadoclube.pt\/registo\/wp-json\/wp\/v2\/pages\/7\/revisions\/59"}],"wp:attachment":[{"href":"https:\/\/diadoclube.pt\/registo\/wp-json\/wp\/v2\/media?parent=7"}],"curies":[{"name":"wp","href":"https:\/\/api.w.org\/{rel}","templated":true}]}}