{"id":63,"date":"2025-08-18T11:41:23","date_gmt":"2025-08-18T11:41:23","guid":{"rendered":"https:\/\/diadoclube.pt\/registo\/?post_type=product&#038;p=63"},"modified":"2025-09-29T17:42:22","modified_gmt":"2025-09-29T16:42:22","slug":"inscricao-com-almoco","status":"publish","type":"product","link":"https:\/\/diadoclube.pt\/registo\/produto\/inscricao-com-almoco\/","title":{"rendered":"Inscri\u00e7\u00e3o com almo\u00e7o &#8220;Tripas \u00e0 Moda do Porto&#8221;"},"content":{"rendered":"<p>Registe o n\u00famero de entradas com almo\u00e7o que pretende para o Dia do Clube.<br \/>\nAlmo\u00e7o: &#8220;<strong>Tripas \u00e0 Moda do Porto&#8221;<\/strong><\/p>\n","protected":false},"excerpt":{"rendered":"<p>Inscri\u00e7\u00e3o com almo\u00e7o<br \/>\n<strong>&#8220;Tripas \u00e0 Moda do Porto&#8221;<\/strong><\/p>\n","protected":false},"featured_media":398,"comment_status":"closed","ping_status":"closed","template":"","meta":{"pagelayer_contact_templates":[],"_pagelayer_content":""},"product_brand":[26],"product_cat":[18,19],"product_tag":[20],"class_list":{"0":"post-63","1":"product","2":"type-product","3":"status-publish","4":"has-post-thumbnail","6":"product_brand-dia-do-clube-coracao-dragao","7":"product_cat-inscricoes","8":"product_cat-inscricao-com-almoco","9":"product_tag-inscricaocomalmoco","11":"first","12":"outofstock","13":"virtual","14":"purchasable","15":"product-type-simple"},"jetpack_sharing_enabled":true,"_links":{"self":[{"href":"https:\/\/diadoclube.pt\/registo\/wp-json\/wp\/v2\/product\/63","targetHints":{"allow":["GET"]}}],"collection":[{"href":"https:\/\/diadoclube.pt\/registo\/wp-json\/wp\/v2\/product"}],"about":[{"href":"https:\/\/diadoclube.pt\/registo\/wp-json\/wp\/v2\/types\/product"}],"replies":[{"embeddable":true,"href":"https:\/\/diadoclube.pt\/registo\/wp-json\/wp\/v2\/comments?post=63"}],"wp:featuredmedia":[{"embeddable":true,"href":"https:\/\/diadoclube.pt\/registo\/wp-json\/wp\/v2\/media\/398"}],"wp:attachment":[{"href":"https:\/\/diadoclube.pt\/registo\/wp-json\/wp\/v2\/media?parent=63"}],"wp:term":[{"taxonomy":"product_brand","embeddable":true,"href":"https:\/\/diadoclube.pt\/registo\/wp-json\/wp\/v2\/product_brand?post=63"},{"taxonomy":"product_cat","embeddable":true,"href":"https:\/\/diadoclube.pt\/registo\/wp-json\/wp\/v2\/product_cat?post=63"},{"taxonomy":"product_tag","embeddable":true,"href":"https:\/\/diadoclube.pt\/registo\/wp-json\/wp\/v2\/product_tag?post=63"}],"curies":[{"name":"wp","href":"https:\/\/api.w.org\/{rel}","templated":true}]}}