{"id":65,"date":"2025-08-18T12:47:02","date_gmt":"2025-08-18T11:47:02","guid":{"rendered":"https:\/\/diadoclube.pt\/registo\/?post_type=product&#038;p=65"},"modified":"2025-09-15T11:33:29","modified_gmt":"2025-09-15T10:33:29","slug":"inscricao-sem-almoco","status":"publish","type":"product","link":"https:\/\/diadoclube.pt\/registo\/produto\/inscricao-sem-almoco\/","title":{"rendered":"Inscri\u00e7\u00e3o sem almo\u00e7o"},"content":{"rendered":"<p>Registe o n\u00famero de entradas para o Dia do Clube &#8211; sem almo\u00e7o<\/p>\n","protected":false},"excerpt":{"rendered":"<p>Inscri\u00e7\u00e3o simples, sem almo\u00e7o.<\/p>\n","protected":false},"featured_media":354,"comment_status":"closed","ping_status":"closed","template":"","meta":{"pagelayer_contact_templates":[],"_pagelayer_content":""},"product_brand":[26],"product_cat":[21],"product_tag":[22],"class_list":{"0":"post-65","1":"product","2":"type-product","3":"status-publish","4":"has-post-thumbnail","6":"product_brand-dia-do-clube-coracao-dragao","7":"product_cat-inscricao-sem-almoco","8":"product_tag-inscricaosemalmoco","10":"first","11":"outofstock","12":"virtual","13":"purchasable","14":"product-type-simple"},"jetpack_sharing_enabled":true,"_links":{"self":[{"href":"https:\/\/diadoclube.pt\/registo\/wp-json\/wp\/v2\/product\/65","targetHints":{"allow":["GET"]}}],"collection":[{"href":"https:\/\/diadoclube.pt\/registo\/wp-json\/wp\/v2\/product"}],"about":[{"href":"https:\/\/diadoclube.pt\/registo\/wp-json\/wp\/v2\/types\/product"}],"replies":[{"embeddable":true,"href":"https:\/\/diadoclube.pt\/registo\/wp-json\/wp\/v2\/comments?post=65"}],"wp:featuredmedia":[{"embeddable":true,"href":"https:\/\/diadoclube.pt\/registo\/wp-json\/wp\/v2\/media\/354"}],"wp:attachment":[{"href":"https:\/\/diadoclube.pt\/registo\/wp-json\/wp\/v2\/media?parent=65"}],"wp:term":[{"taxonomy":"product_brand","embeddable":true,"href":"https:\/\/diadoclube.pt\/registo\/wp-json\/wp\/v2\/product_brand?post=65"},{"taxonomy":"product_cat","embeddable":true,"href":"https:\/\/diadoclube.pt\/registo\/wp-json\/wp\/v2\/product_cat?post=65"},{"taxonomy":"product_tag","embeddable":true,"href":"https:\/\/diadoclube.pt\/registo\/wp-json\/wp\/v2\/product_tag?post=65"}],"curies":[{"name":"wp","href":"https:\/\/api.w.org\/{rel}","templated":true}]}}